{"id":275,"date":"2020-03-20T12:54:54","date_gmt":"2020-03-20T12:54:54","guid":{"rendered":"https:\/\/www.sems2020.ch\/?page_id=275"},"modified":"2020-03-20T12:56:42","modified_gmt":"2020-03-20T12:56:42","slug":"impressum","status":"publish","type":"page","link":"https:\/\/www.sems2020.ch\/index.php\/impressum\/","title":{"rendered":"Impressum"},"content":{"rendered":"\t\t<div data-elementor-type=\"wp-page\" data-elementor-id=\"275\" class=\"elementor elementor-275\">\n\t\t\t\t\t\t<section class=\"elementor-section elementor-top-section elementor-element elementor-element-d5cd66a elementor-section-boxed elementor-section-height-default elementor-section-height-default\" data-id=\"d5cd66a\" data-element_type=\"section\" data-e-type=\"section\">\n\t\t\t\t\t\t<div class=\"elementor-container elementor-column-gap-default\">\n\t\t\t\t\t<div class=\"elementor-column elementor-col-100 elementor-top-column elementor-element elementor-element-660e35a\" data-id=\"660e35a\" data-element_type=\"column\" data-e-type=\"column\">\n\t\t\t<div class=\"elementor-widget-wrap elementor-element-populated\">\n\t\t\t\t\t\t<div class=\"elementor-element elementor-element-d13aa25 elementor-widget elementor-widget-heading\" data-id=\"d13aa25\" data-element_type=\"widget\" data-e-type=\"widget\" data-widget_type=\"heading.default\">\n\t\t\t\t<div class=\"elementor-widget-container\">\n\t\t\t\t\t<h6 class=\"elementor-heading-title elementor-size-default\">SEITENBETREIBER<\/h6>\t\t\t\t<\/div>\n\t\t\t\t<\/div>\n\t\t\t\t<div class=\"elementor-element elementor-element-6e4a35f elementor-widget elementor-widget-spacer\" data-id=\"6e4a35f\" data-element_type=\"widget\" data-e-type=\"widget\" data-widget_type=\"spacer.default\">\n\t\t\t\t<div class=\"elementor-widget-container\">\n\t\t\t\t\t\t\t<div class=\"elementor-spacer\">\n\t\t\t<div class=\"elementor-spacer-inner\"><\/div>\n\t\t<\/div>\n\t\t\t\t\t\t<\/div>\n\t\t\t\t<\/div>\n\t\t\t\t<div class=\"elementor-element elementor-element-9764e84 elementor-widget elementor-widget-text-editor\" data-id=\"9764e84\" data-element_type=\"widget\" data-e-type=\"widget\" data-widget_type=\"text-editor.default\">\n\t\t\t\t<div class=\"elementor-widget-container\">\n\t\t\t\t\t\t\t\t\t<p>Schweizerischer Firmensportverband Region Innerschweiz, Sparte Kegeln<br \/>c\/o\u00a0<b>Niels Kessler,\u00a0<\/b>im Feld 30, 8926 Kappel am Albis<br \/>E-Mail:\u00a0<a href=\"mailto:niels.kessler@sffs-kegeln-rvis.ch\">niels.kessler@sffs-kegeln-rvis.ch<\/a><\/p>\t\t\t\t\t\t\t\t<\/div>\n\t\t\t\t<\/div>\n\t\t\t\t\t<\/div>\n\t\t<\/div>\n\t\t\t\t\t<\/div>\n\t\t<\/section>\n\t\t\t\t<section class=\"elementor-section elementor-top-section elementor-element elementor-element-73bd8ef elementor-section-boxed elementor-section-height-default elementor-section-height-default\" data-id=\"73bd8ef\" data-element_type=\"section\" data-e-type=\"section\">\n\t\t\t\t\t\t<div class=\"elementor-container elementor-column-gap-default\">\n\t\t\t\t\t<div class=\"elementor-column elementor-col-50 elementor-top-column elementor-element elementor-element-a6372cd\" data-id=\"a6372cd\" data-element_type=\"column\" data-e-type=\"column\">\n\t\t\t<div class=\"elementor-widget-wrap elementor-element-populated\">\n\t\t\t\t\t\t<div class=\"elementor-element elementor-element-da8b613 elementor-widget elementor-widget-heading\" data-id=\"da8b613\" data-element_type=\"widget\" data-e-type=\"widget\" data-widget_type=\"heading.default\">\n\t\t\t\t<div class=\"elementor-widget-container\">\n\t\t\t\t\t<h6 class=\"elementor-heading-title elementor-size-default\"><span style=\"font-family: Roboto, sans-serif;font-size: 15px;font-style: normal;font-weight: 600;text-transform: uppercase\">INHALTLICH VERANTWORTLICH \/ WEBMASTER<\/span><span style=\"font-family: Roboto, sans-serif;font-size: 15px;font-style: normal;font-weight: 600;text-transform: uppercase\"><\/span><\/h6>\t\t\t\t<\/div>\n\t\t\t\t<\/div>\n\t\t\t\t<div class=\"elementor-element elementor-element-2e71b3e elementor-widget elementor-widget-spacer\" data-id=\"2e71b3e\" data-element_type=\"widget\" data-e-type=\"widget\" data-widget_type=\"spacer.default\">\n\t\t\t\t<div class=\"elementor-widget-container\">\n\t\t\t\t\t\t\t<div class=\"elementor-spacer\">\n\t\t\t<div class=\"elementor-spacer-inner\"><\/div>\n\t\t<\/div>\n\t\t\t\t\t\t<\/div>\n\t\t\t\t<\/div>\n\t\t\t\t<div class=\"elementor-element elementor-element-7d8ae20 elementor-widget elementor-widget-text-editor\" data-id=\"7d8ae20\" data-element_type=\"widget\" data-e-type=\"widget\" data-widget_type=\"text-editor.default\">\n\t\t\t\t<div class=\"elementor-widget-container\">\n\t\t\t\t\t\t\t\t\t<p><span style=\"font-family: Roboto, sans-serif; font-size: 14px; font-style: normal; font-weight: 400;\">Niels Kessler, im Feld 30, 8926 Kappel a.A.<\/span><br style=\"font-weight: 400;\" \/><span style=\"font-family: Roboto, sans-serif; font-size: 14px; font-style: normal; font-weight: 400;\">E-Mail:\u00a0<\/span><span style=\"font-family: Roboto, sans-serif; font-size: 14px; font-style: normal; font-weight: 400; text-decoration-line: underline;\"><a style=\"font-size: 14px; color: #400096;\" href=\"mailto:webmaster@sffs-kegeln-rvis.ch\">webmaster@sffs-kegeln-rvis.ch<\/a><\/span><\/p>\t\t\t\t\t\t\t\t<\/div>\n\t\t\t\t<\/div>\n\t\t\t\t\t<\/div>\n\t\t<\/div>\n\t\t\t\t<div class=\"elementor-column elementor-col-50 elementor-top-column elementor-element elementor-element-e3d65fd\" data-id=\"e3d65fd\" data-element_type=\"column\" data-e-type=\"column\">\n\t\t\t<div class=\"elementor-widget-wrap elementor-element-populated\">\n\t\t\t\t\t\t<div class=\"elementor-element elementor-element-a6df793 elementor-widget elementor-widget-heading\" data-id=\"a6df793\" data-element_type=\"widget\" data-e-type=\"widget\" data-widget_type=\"heading.default\">\n\t\t\t\t<div class=\"elementor-widget-container\">\n\t\t\t\t\t<h6 class=\"elementor-heading-title elementor-size-default\"><span style=\"font-family: Roboto, sans-serif;font-size: 15px;font-style: normal;font-weight: 600;text-transform: uppercase\">\nWEBHOSTING<\/span><\/h6>\t\t\t\t<\/div>\n\t\t\t\t<\/div>\n\t\t\t\t<div class=\"elementor-element elementor-element-9fbfe7b elementor-widget elementor-widget-spacer\" data-id=\"9fbfe7b\" data-element_type=\"widget\" data-e-type=\"widget\" data-widget_type=\"spacer.default\">\n\t\t\t\t<div class=\"elementor-widget-container\">\n\t\t\t\t\t\t\t<div class=\"elementor-spacer\">\n\t\t\t<div class=\"elementor-spacer-inner\"><\/div>\n\t\t<\/div>\n\t\t\t\t\t\t<\/div>\n\t\t\t\t<\/div>\n\t\t\t\t<div class=\"elementor-element elementor-element-3e3c17c elementor-widget elementor-widget-text-editor\" data-id=\"3e3c17c\" data-element_type=\"widget\" data-e-type=\"widget\" data-widget_type=\"text-editor.default\">\n\t\t\t\t<div class=\"elementor-widget-container\">\n\t\t\t\t\t\t\t\t\t<p><span style=\"font-family: Roboto, sans-serif; font-size: 14px; font-style: normal; font-weight: 400;\">METANET AG, Josefstrasse 218, CH-8005 Z\u00fcrich<\/span><br style=\"font-weight: 400;\" \/><span style=\"font-family: Roboto, sans-serif; font-size: 14px; font-style: normal; font-weight: 400;\">E-Mail:\u00a0<\/span><a style=\"font-family: Roboto, sans-serif; font-size: 14px; font-style: normal; font-weight: 400; color: #400096;\" href=\"mailto:support@metanet.ch\"><span style=\"font-size: 14px; text-decoration-line: underline;\">support@metanet.ch<\/span><\/a><\/p>\t\t\t\t\t\t\t\t<\/div>\n\t\t\t\t<\/div>\n\t\t\t\t\t<\/div>\n\t\t<\/div>\n\t\t\t\t\t<\/div>\n\t\t<\/section>\n\t\t\t\t<section class=\"elementor-section elementor-top-section elementor-element elementor-element-b10f189 elementor-section-boxed elementor-section-height-default elementor-section-height-default\" data-id=\"b10f189\" data-element_type=\"section\" data-e-type=\"section\">\n\t\t\t\t\t\t<div class=\"elementor-container elementor-column-gap-default\">\n\t\t\t\t\t<div class=\"elementor-column elementor-col-100 elementor-top-column elementor-element elementor-element-5aea388\" data-id=\"5aea388\" data-element_type=\"column\" data-e-type=\"column\">\n\t\t\t<div class=\"elementor-widget-wrap elementor-element-populated\">\n\t\t\t\t\t\t<div class=\"elementor-element elementor-element-5cc33c4 elementor-widget elementor-widget-text-editor\" data-id=\"5cc33c4\" data-element_type=\"widget\" data-e-type=\"widget\" data-widget_type=\"text-editor.default\">\n\t\t\t\t<div class=\"elementor-widget-container\">\n\t\t\t\t\t\t\t\t\t<p>Mit der Nutzung dieser Webseite erkl\u00e4ren Sie sich mit den nachfolgenden Bedingungen einverstanden.<br \/>Der\u00a0<b><br \/><\/b><\/p><ul><li><b>Schweizerische Firmensportverband Region Innerschweiz, Sparte Kegeln<\/b>,<\/li><li><b>nachfolgend &#8222;sffs-kegeln-rvis&#8220; genannt<\/b>,\u00a0<\/li><\/ul><p>beh\u00e4lt sich vor, Teile der Seiten oder das gesamte Angebot ohne gesonderte Ank\u00fcndigungen zu ver\u00e4ndern, zu erg\u00e4nzen, zu l\u00f6schen oder die Ver\u00f6ffentlichung zeitweise oder endg\u00fcltig einzustellen.<\/p>\t\t\t\t\t\t\t\t<\/div>\n\t\t\t\t<\/div>\n\t\t\t\t\t<\/div>\n\t\t<\/div>\n\t\t\t\t\t<\/div>\n\t\t<\/section>\n\t\t\t\t<section class=\"elementor-section elementor-top-section elementor-element elementor-element-f392938 elementor-section-boxed elementor-section-height-default elementor-section-height-default\" data-id=\"f392938\" data-element_type=\"section\" data-e-type=\"section\">\n\t\t\t\t\t\t<div class=\"elementor-container elementor-column-gap-default\">\n\t\t\t\t\t<div class=\"elementor-column elementor-col-100 elementor-top-column elementor-element elementor-element-c8ca9a1\" data-id=\"c8ca9a1\" data-element_type=\"column\" data-e-type=\"column\">\n\t\t\t<div class=\"elementor-widget-wrap elementor-element-populated\">\n\t\t\t\t\t\t<div class=\"elementor-element elementor-element-fbd90cb elementor-widget elementor-widget-heading\" data-id=\"fbd90cb\" data-element_type=\"widget\" data-e-type=\"widget\" data-widget_type=\"heading.default\">\n\t\t\t\t<div class=\"elementor-widget-container\">\n\t\t\t\t\t<h2 class=\"elementor-heading-title elementor-size-default\">Datenschutzerkl\u00e4rung<\/h2>\t\t\t\t<\/div>\n\t\t\t\t<\/div>\n\t\t\t\t<div class=\"elementor-element elementor-element-37d9e61 elementor-widget elementor-widget-text-editor\" data-id=\"37d9e61\" data-element_type=\"widget\" data-e-type=\"widget\" data-widget_type=\"text-editor.default\">\n\t\t\t\t<div class=\"elementor-widget-container\">\n\t\t\t\t\t\t\t\t\t<p>Der Schutz Ihrer Privatsph\u00e4re ist uns ein Anliegen. Bitte beachten Sie die folgenden Punkte unserer Datenschutzerkl\u00e4rung.<\/p><p>Die Datenschutzerkl\u00e4rung gilt f\u00fcr alle Webseiten von\u00a0sffs-kegeln-rvis. F\u00fcr\u00a0sffs-kegeln-rvis-fremde Internetseiten, zu welchen von den\u00a0sffs-kegeln-rvis\u00a0Webseiten ein Link besteht, gew\u00e4hren wir nicht die Einhaltung der Datenschutzbestimmungen.<\/p><h6>COOKIES<\/h6><p>Diese Website verwendet Cookies.\u00a0<\/p><p>Cookies sind kleine Textdateien, die beim Besuch dieser Website in Ihrem Computer dauerhaft oder tempor\u00e4r gespeichert werden. Zweck der Cookies ist insbesondere die Analyse der Nutzung dieser Website zur statistischen Auswertung sowie f\u00fcr kontinuierliche Verbesserungen.<\/p><p>In Ihrem Browser k\u00f6nnen Sie Cookies in den Einstellungen jederzeit ganz oder teilweise deaktivieren. Bei deaktivierten Cookies stehen Ihnen allenfalls nicht mehr alle Funktionen dieser Website zur Verf\u00fcgung.<\/p><h6>HAFTUNGSAUSSCHLUSS<\/h6><p>Die\u00a0sffs-kegeln-rvis\u00a0\u00fcbernimmt keine Gew\u00e4hr hinsichtlich der inhaltlichen Richtigkeit, Genauigkeit, Aktualit\u00e4t, Zuverl\u00e4ssigkeit und Vollst\u00e4ndigkeit der Informationen.<\/p><p>Haftungsanspr\u00fcche gegen die\u00a0sffs-kegeln-rvis\u00a0wegen Sch\u00e4den materieller oder immaterieller Art, welche aus dem Zugriff oder der Nutzung bzw. Nichtnutzung der ver\u00f6ffentlichten Informationen, durch Missbrauch der Verbindung oder durch technische St\u00f6rungen entstanden sind, werden ausgeschlossen.<\/p><p>Der Besuch der\u00a0sffs-kegeln-rvis\u00a0Webseiten, die Ben\u00fctzung der dort enthaltenen Informationen sowie der Gebrauch von dort aufgef\u00fchrten Angeboten erfolgt auf Ihre Gefahr und Verantwortung.<\/p><p>Ausgeschlossen wird die Haftung auch f\u00fcr entgangenen Gewinn, f\u00fcr Fehlleistungen des Internets aller Art (z.B. Betriebsunterbrechung, Funktionsst\u00f6rungen, Viren, sch\u00e4dliche Komponenten, terroristische Handlungen&#8230; etc.), Missbrauch durch Dritte (Einsehen von Daten, Kopien usw.) sowie Verlust von Programmen oder sonstigen Daten in Ihren Informationssystemen. Dies gilt auch dann, wenn auf den\u00a0sffs-kegeln-rvis\u00a0Webseiten gegebenenfalls auf die M\u00f6glichkeit solcher Sch\u00e4den hingewiesen wird.<\/p><h6>HAFTUNG F\u00dcR LINKS<\/h6><p>Manche Links auf den\u00a0sffs-kegeln-rvis\u00a0Websites f\u00fchren zu Websites Dritter. Diese stehen nicht mehr unter dem Einflussbereich der\u00a0sffs-kegeln-rvis\u00a0.<\/p><p>F\u00fcr die Richtigkeit, Vollst\u00e4ndigkeit und Rechtm\u00e4ssigkeit der dort enthaltenen Inhalte und Verlinkung mit weiteren Websites sowie f\u00fcr allf\u00e4llige dort enthaltene Angebote, Produkte und (Dienst-) Leistungen \u00fcbernimmt\u00a0sffs-kegeln-rvis\u00a0deshalb keinerlei Verantwortung.<\/p><p>Der Zugriff und die Nutzung verlinkter Websites erfolgt auf eigene Gefahr des Nutzers.<\/p><h6>ANWENDBARES RECHT UND GERICHTSSTAND<\/h6><p>F\u00fcr s\u00e4mtliche allf\u00e4llige Streitigkeiten zwischen Ihnen als Besucher und Nutzer der\u00a0sffs-kegeln-rvis\u00a0Webseiten und\u00a0sffs-kegeln-rvis\u00a0, welche aus dem Betrieb bzw. Besuch der\u00a0sffs-kegeln-rvis\u00a0Webseiten herr\u00fchren, sind ausschliesslich die Gerichte am Sitz von\u00a0sffs-kegeln-rvis\u00a0in Luzern zust\u00e4ndig. Anwendbar ist ausschliesslich Schweizer Recht.<\/p><h6>URHEBERRECHTE<\/h6><p>Die Urheber- und alle anderen Rechte an Inhalten, Bildern, Fotos oder anderen Dateien auf der Website geh\u00f6ren ausschliesslich der\u00a0sffs-kegeln-rvis\u00a0oder speziell genannten Rechtsinhabern. F\u00fcr die Reproduktion jeglicher Elemente ist die schriftliche Zustimmung der Urheberrechtstr\u00e4ger im Voraus einzuholen.<\/p><h6>UNSERE BILDQUELLEN<\/h6><p>Eigenleistungen verschiedener\u00a0sffs-kegeln-rvis\u00a0Mitglieder<br \/>Die Sponsoren Logos lassen hoffentlich per se auf den Urheber schliessen<br \/>Andere Quellen sind am angezeigten Link zu erkennen.<\/p><p>Vielen Dank an\u00a0<a href=\"https:\/\/kliqs.ch\/impressum\/\">https:\/\/kliqs.ch\/impressum\/<\/a>\u00a0welche freundlicherweise das Spicken von deren Impressum Seite offiziell erlaubt.<\/p><p>Letzte Aktualisierung: 20.M\u00e4rz 2020<\/p>\t\t\t\t\t\t\t\t<\/div>\n\t\t\t\t<\/div>\n\t\t\t\t\t<\/div>\n\t\t<\/div>\n\t\t\t\t\t<\/div>\n\t\t<\/section>\n\t\t\t\t<\/div>\n\t\t","protected":false},"excerpt":{"rendered":"<p>SEITENBETREIBER Schweizerischer Firmensportverband Region Innerschweiz, Sparte Kegelnc\/o\u00a0Niels Kessler,\u00a0im Feld 30, 8926 Kappel am AlbisE-Mail:\u00a0niels.kessler@sffs-kegeln-rvis.ch INHALTLICH VERANTWORTLICH \/ WEBMASTER Niels Kessler, im Feld 30, 8926 Kappel a.A.E-Mail:\u00a0webmaster@sffs-kegeln-rvis.ch WEBHOSTING METANET AG, Josefstrasse &hellip; <a class=\"readmore\" href=\"https:\/\/www.sems2020.ch\/index.php\/impressum\/\">Weiterlesen &rarr;<\/a><\/p>\n","protected":false},"author":1,"featured_media":0,"parent":0,"menu_order":0,"comment_status":"closed","ping_status":"closed","template":"","meta":{"footnotes":""},"class_list":["post-275","page","type-page","status-publish","hentry"],"_links":{"self":[{"href":"https:\/\/www.sems2020.ch\/index.php\/wp-json\/wp\/v2\/pages\/275","targetHints":{"allow":["GET"]}}],"collection":[{"href":"https:\/\/www.sems2020.ch\/index.php\/wp-json\/wp\/v2\/pages"}],"about":[{"href":"https:\/\/www.sems2020.ch\/index.php\/wp-json\/wp\/v2\/types\/page"}],"author":[{"embeddable":true,"href":"https:\/\/www.sems2020.ch\/index.php\/wp-json\/wp\/v2\/users\/1"}],"replies":[{"embeddable":true,"href":"https:\/\/www.sems2020.ch\/index.php\/wp-json\/wp\/v2\/comments?post=275"}],"version-history":[{"count":3,"href":"https:\/\/www.sems2020.ch\/index.php\/wp-json\/wp\/v2\/pages\/275\/revisions"}],"predecessor-version":[{"id":278,"href":"https:\/\/www.sems2020.ch\/index.php\/wp-json\/wp\/v2\/pages\/275\/revisions\/278"}],"wp:attachment":[{"href":"https:\/\/www.sems2020.ch\/index.php\/wp-json\/wp\/v2\/media?parent=275"}],"curies":[{"name":"wp","href":"https:\/\/api.w.org\/{rel}","templated":true}]}}