{"id":17,"date":"2021-01-31T23:00:00","date_gmt":"2021-01-31T23:00:00","guid":{"rendered":"https:\/\/www.sems2020.ch\/?page_id=17"},"modified":"2026-03-01T22:00:24","modified_gmt":"2026-03-01T22:00:24","slug":"reservieren-anmelden","status":"publish","type":"page","link":"https:\/\/www.sems2020.ch\/index.php\/reservieren-anmelden\/","title":{"rendered":"Reservieren"},"content":{"rendered":"\t\t<div data-elementor-type=\"wp-page\" data-elementor-id=\"17\" class=\"elementor elementor-17\">\n\t\t\t\t\t\t<section class=\"elementor-section elementor-top-section elementor-element elementor-element-327c2ac elementor-section-stretched elementor-section-height-full elementor-section-items-top elementor-section-content-top elementor-section-boxed elementor-section-height-default\" data-id=\"327c2ac\" data-element_type=\"section\" data-e-type=\"section\" data-settings=\"{&quot;stretch_section&quot;:&quot;section-stretched&quot;}\">\n\t\t\t\t\t\t<div class=\"elementor-container elementor-column-gap-narrow\">\n\t\t\t\t\t<div class=\"elementor-column elementor-col-100 elementor-top-column elementor-element elementor-element-a40e551\" data-id=\"a40e551\" data-element_type=\"column\" data-e-type=\"column\">\n\t\t\t<div class=\"elementor-widget-wrap elementor-element-populated\">\n\t\t\t\t\t\t<div class=\"elementor-element elementor-element-b2cf94f elementor-widget elementor-widget-text-editor\" data-id=\"b2cf94f\" data-element_type=\"widget\" data-e-type=\"widget\" data-widget_type=\"text-editor.default\">\n\t\t\t\t<div class=\"elementor-widget-container\">\n\t\t\t\t\t\t\t\t\t<p>\u00a0<\/p><p>Reservieren = hier selbstst\u00e4ndig und verbindlich ausw\u00e4hlen WANN genau Ihr kegelt<br \/>Anmelden = mittels Formular mitteilen WER f\u00fcr Mannschaft und\/oder Einzel kegelt.<\/p>\t\t\t\t\t\t\t\t<\/div>\n\t\t\t\t<\/div>\n\t\t\t\t<section class=\"elementor-section elementor-inner-section elementor-element elementor-element-7e3ab68 elementor-section-boxed elementor-section-height-default elementor-section-height-default\" data-id=\"7e3ab68\" data-element_type=\"section\" data-e-type=\"section\">\n\t\t\t\t\t\t<div class=\"elementor-container elementor-column-gap-default\">\n\t\t\t\t\t<div class=\"elementor-column elementor-col-50 elementor-inner-column elementor-element elementor-element-6fe6036\" data-id=\"6fe6036\" data-element_type=\"column\" data-e-type=\"column\">\n\t\t\t<div class=\"elementor-widget-wrap elementor-element-populated\">\n\t\t\t\t\t\t<div class=\"elementor-element elementor-element-a2af68c elementor-widget elementor-widget-text-editor\" data-id=\"a2af68c\" data-element_type=\"widget\" data-e-type=\"widget\" data-widget_type=\"text-editor.default\">\n\t\t\t\t<div class=\"elementor-widget-container\">\n\t\t\t\t\t\t\t\t\t<p><em style=\"font-family: Roboto, sans-serif; font-size: 14px; font-weight: 600;\"><span style=\"font-size: 14px; text-decoration-line: underline;\"><form class=\"cpp_form no-prefetch\" name=\"cp_appbooking_pform_1\" id=\"cp_appbooking_pform_1\" action=\"\" method=\"post\" enctype=\"multipart\/form-data\" onsubmit=\"return cp_appbooking_pform_doValidate_1(this);\"><input type=\"hidden\" name=\"cp_pform_psequence\" value=\"_1\" \/><input type=\"hidden\" name=\"cp_appbooking_pform_process\" value=\"1\" \/><input type=\"hidden\" name=\"cp_appbooking_id\" value=\"2\" \/><input type=\"hidden\" name=\"cp_ref_page\" value=\"\" \/><input type=\"hidden\" name=\"form_structure_1\" id=\"form_structure_1\" size=\"180\" value=\"[[{&quot;form_identifier&quot;:&quot;&quot;,&quot;name&quot;:&quot;fieldname1&quot;,&quot;shortlabel&quot;:&quot;reservation&quot;,&quot;index&quot;:0,&quot;ftype&quot;:&quot;fapp&quot;,&quot;userhelp&quot;:&quot;Du sparst Zeit, wenn du vor dem Abschicken der Anfrage alle gew\\u00fcnschten Startzeiten auf einmal ausw\\u00e4hlst...\\nAuch f\\u00fcr verschiedene Tage m\\u00f6glich, falls jmd separat kegeln MUSS.&quot;,&quot;userhelpTooltip&quot;:&quot;1&quot;,&quot;csslayout&quot;:&quot;&quot;,&quot;title&quot;:&quot;Startzeiten ausw\\u00e4hlen&quot;,&quot;services&quot;:[{&quot;name&quot;:&quot;Startzeit&quot;,&quot;price&quot;:1,&quot;capacity&quot;:1,&quot;duration&quot;:&quot;12&quot;,&quot;pb&quot;:0,&quot;pa&quot;:0,&quot;ohindex&quot;:0,&quot;idx&quot;:1}],&quot;openhours&quot;:[],&quot;allOH&quot;:[{&quot;name&quot;:&quot;Default&quot;,&quot;openhours&quot;:[{&quot;type&quot;:&quot;special&quot;,&quot;d&quot;:&quot;2026-05-01&quot;,&quot;h1&quot;:&quot;17&quot;,&quot;m1&quot;:&quot;0&quot;,&quot;h2&quot;:&quot;21&quot;,&quot;m2&quot;:&quot;15&quot;},{&quot;type&quot;:&quot;special&quot;,&quot;d&quot;:&quot;2026-05-02&quot;,&quot;h1&quot;:&quot;11&quot;,&quot;m1&quot;:&quot;0&quot;,&quot;h2&quot;:&quot;17&quot;,&quot;m2&quot;:&quot;15&quot;},{&quot;type&quot;:&quot;special&quot;,&quot;d&quot;:&quot;2026-05-04&quot;,&quot;h1&quot;:&quot;16&quot;,&quot;m1&quot;:&quot;0&quot;,&quot;h2&quot;:&quot;19&quot;,&quot;m2&quot;:&quot;15&quot;},{&quot;type&quot;:&quot;special&quot;,&quot;d&quot;:&quot;2026-05-05&quot;,&quot;h1&quot;:&quot;17&quot;,&quot;m1&quot;:&quot;0&quot;,&quot;h2&quot;:&quot;21&quot;,&quot;m2&quot;:&quot;15&quot;},{&quot;type&quot;:&quot;special&quot;,&quot;d&quot;:&quot;2026-05-06&quot;,&quot;h1&quot;:&quot;17&quot;,&quot;m1&quot;:&quot;0&quot;,&quot;h2&quot;:&quot;21&quot;,&quot;m2&quot;:&quot;15&quot;},{&quot;type&quot;:&quot;special&quot;,&quot;d&quot;:&quot;2026-05-08&quot;,&quot;h1&quot;:&quot;17&quot;,&quot;m1&quot;:&quot;0&quot;,&quot;h2&quot;:&quot;21&quot;,&quot;m2&quot;:&quot;15&quot;}]}],&quot;dateFormat&quot;:&quot;dd.mm.yy&quot;,&quot;showDropdown&quot;:true,&quot;showTotalCost&quot;:true,&quot;showTotalCostFormat&quot;:&quot;{0} Startzeiten ausgew\\u00e4hlt&quot;,&quot;showEndTime&quot;:false,&quot;showQuantity&quot;:false,&quot;usedSlotsCheckbox&quot;:true,&quot;avoidOverlaping&quot;:true,&quot;emptySelectCheckbox&quot;:false,&quot;emptySelect&quot;:&quot;-- Please select service --&quot;,&quot;dropdownRange&quot;:&quot;2026:2026&quot;,&quot;working_dates&quot;:[false,true,true,true,false,true,true],&quot;numberOfMonths&quot;:1,&quot;maxNumberOfApp&quot;:0,&quot;firstDay&quot;:&quot;5&quot;,&quot;minDate&quot;:&quot;01.05.2026&quot;,&quot;maxDate&quot;:&quot;08.05.2026&quot;,&quot;defaultDate&quot;:&quot;07.06.2022&quot;,&quot;invalidDates&quot;:&quot;01.05.2026-08.05.2026&quot;,&quot;tmpinvalidDates&quot;:[],&quot;required&quot;:true,&quot;bSlotsCheckbox&quot;:true,&quot;bSlots&quot;:30,&quot;militaryTime&quot;:1,&quot;autonum&quot;:1,&quot;autonumStaff&quot;:0,&quot;quantityMin&quot;:1,&quot;fBuild&quot;:{},&quot;special_days&quot;:[&quot;2026-05-01&quot;,&quot;2026-05-02&quot;,&quot;2026-05-04&quot;,&quot;2026-05-05&quot;,&quot;2026-05-06&quot;,&quot;2026-05-08&quot;],&quot;minDateTmp&quot;:&quot;01.05.2026&quot;,&quot;getMinDate&quot;:{},&quot;tmpinvalidDatestime&quot;:[]},{&quot;form_identifier&quot;:&quot;&quot;,&quot;name&quot;:&quot;email&quot;,&quot;shortlabel&quot;:&quot;mail&quot;,&quot;index&quot;:1,&quot;ftype&quot;:&quot;femail&quot;,&quot;userhelp&quot;:&quot;Deine Eingabe bitte gut pr\\u00fcfen, sonst erh\\u00e4ltst du keine Best\\u00e4tigungen.&quot;,&quot;userhelpTooltip&quot;:&quot;1&quot;,&quot;csslayout&quot;:&quot;column2&quot;,&quot;title&quot;:&quot;E-Mail Adresse&quot;,&quot;predefined&quot;:&quot;deineadresse@provider.ch&quot;,&quot;predefinedClick&quot;:true,&quot;required&quot;:true,&quot;size&quot;:&quot;large&quot;,&quot;equalTo&quot;:&quot;&quot;,&quot;fBuild&quot;:{}},{&quot;form_identifier&quot;:&quot;&quot;,&quot;name&quot;:&quot;fieldname3&quot;,&quot;shortlabel&quot;:&quot;tel&quot;,&quot;index&quot;:2,&quot;ftype&quot;:&quot;ftext&quot;,&quot;userhelp&quot;:&quot;Nur f.dringende F\\u00e4lle (Unklarheiten\\\/Verschiebungen). Gerne auch mehrere Nr. - Hauptsache wir erreichen dich.&quot;,&quot;userhelpTooltip&quot;:&quot;1&quot;,&quot;csslayout&quot;:&quot;column2&quot;,&quot;title&quot;:&quot;Deine Telefon-Nummer(n)&quot;,&quot;predefined&quot;:&quot;079 999 99 99&quot;,&quot;predefinedClick&quot;:true,&quot;required&quot;:true,&quot;size&quot;:&quot;large&quot;,&quot;minlength&quot;:&quot;&quot;,&quot;maxlength&quot;:&quot;&quot;,&quot;equalTo&quot;:&quot;&quot;,&quot;fBuild&quot;:{}},{&quot;form_identifier&quot;:&quot;&quot;,&quot;name&quot;:&quot;fieldname2&quot;,&quot;shortlabel&quot;:&quot;name&quot;,&quot;index&quot;:3,&quot;ftype&quot;:&quot;ftext&quot;,&quot;userhelp&quot;:&quot;Damit wir wissen an wen wir allf\\u00e4llige R\\u00fcckfragen richten k\\u00f6nnen&quot;,&quot;userhelpTooltip&quot;:&quot;1&quot;,&quot;csslayout&quot;:&quot;&quot;,&quot;title&quot;:&quot;Deine Vor- u. Nachnamen&quot;,&quot;predefined&quot;:&quot;Peter Muster sen.&quot;,&quot;predefinedClick&quot;:true,&quot;required&quot;:true,&quot;size&quot;:&quot;medium&quot;,&quot;minlength&quot;:&quot;&quot;,&quot;maxlength&quot;:&quot;&quot;,&quot;equalTo&quot;:&quot;&quot;,&quot;fBuild&quot;:{}},{&quot;form_identifier&quot;:&quot;&quot;,&quot;name&quot;:&quot;fieldname4&quot;,&quot;shortlabel&quot;:&quot;region&quot;,&quot;index&quot;:4,&quot;ftype&quot;:&quot;ftext&quot;,&quot;userhelp&quot;:&quot;&quot;,&quot;userhelpTooltip&quot;:&quot;&quot;,&quot;csslayout&quot;:&quot;column2&quot;,&quot;title&quot;:&quot;Regionalverband&quot;,&quot;predefined&quot;:&quot;IS, Innerschweiz, BS, Basel, etc etc.&quot;,&quot;predefinedClick&quot;:true,&quot;required&quot;:true,&quot;size&quot;:&quot;large&quot;,&quot;minlength&quot;:&quot;2&quot;,&quot;maxlength&quot;:&quot;&quot;,&quot;equalTo&quot;:&quot;&quot;,&quot;fBuild&quot;:{}},{&quot;form_identifier&quot;:&quot;&quot;,&quot;name&quot;:&quot;fieldname5&quot;,&quot;shortlabel&quot;:&quot;team&quot;,&quot;index&quot;:5,&quot;ftype&quot;:&quot;ftext&quot;,&quot;userhelp&quot;:&quot;wenn zutreffend, Firma und Mannschaftsnamen eingeben. Einzelkegler hier bitte \\&quot;keine\\&quot; angeben.&quot;,&quot;userhelpTooltip&quot;:&quot;1&quot;,&quot;csslayout&quot;:&quot;column2&quot;,&quot;title&quot;:&quot;Mannschaftsname&quot;,&quot;predefined&quot;:&quot;zB. Migros, Coop 1, oder Denner 1+2, oder keine&quot;,&quot;predefinedClick&quot;:true,&quot;required&quot;:true,&quot;size&quot;:&quot;large&quot;,&quot;minlength&quot;:&quot;2&quot;,&quot;maxlength&quot;:&quot;&quot;,&quot;equalTo&quot;:&quot;&quot;,&quot;fBuild&quot;:{}},{&quot;form_identifier&quot;:&quot;&quot;,&quot;name&quot;:&quot;fieldname6&quot;,&quot;shortlabel&quot;:&quot;&quot;,&quot;index&quot;:6,&quot;ftype&quot;:&quot;ftext&quot;,&quot;userhelp&quot;:&quot;Spezielle Mitteilungen, zB unklar ob 6 oder 7 Kegler, oder aus wichtigen Gr\\u00fcnden musst Du auch bei Termin-Verschiebung von weniger als +\\\/- 30 Minuten ANGEFRAGT werden (dar\\u00fcber INFORMIERT w\\u00fcrdest Du ohnehin...), schreibst du hier zB. \\&quot;Verschiebung immer anfragen\\&quot;\\netc etc.&quot;,&quot;userhelpTooltip&quot;:&quot;1&quot;,&quot;csslayout&quot;:&quot;column2&quot;,&quot;title&quot;:&quot;Bemerkungen&quot;,&quot;predefined&quot;:&quot;&quot;,&quot;predefinedClick&quot;:false,&quot;required&quot;:false,&quot;size&quot;:&quot;large&quot;,&quot;minlength&quot;:&quot;&quot;,&quot;maxlength&quot;:&quot;&quot;,&quot;equalTo&quot;:&quot;&quot;,&quot;fBuild&quot;:{}}],[{&quot;title&quot;:&quot;Startzeiten-Reservation&quot;,&quot;description&quot;:&quot;Datum (auch mehrere und dann f\\u00fcr jeden gew\\u00e4hlten Tag), Startzeiten ausw\\u00e4hlen -&gt; 1x  Personalien angeben -&gt; 1x abschicken \\n \\\/ wenn genaue Anzahl Kegler noch unklar, lieber f\\u00fcr einen zuviel reservieren als zuwenig...\\nBitte wenn es geht direkt vor\\\/nach anderen Terminen.&quot;,&quot;formlayout&quot;:&quot;left_aligned&quot;,&quot;formtemplate&quot;:&quot;&quot;,&quot;evalequations&quot;:1,&quot;autocomplete&quot;:1,&quot;autofocus&quot;:false}]]\" \/><input type=\"hidden\" name=\"refpage_1\" id=\"refpage_1\" value=\"\"><input type=\"hidden\" name=\"cp_appbooking_pform_status\" value=\"0\" \/><input name=\"anonce\" type=\"hidden\" value=\"b39a258b28\"\/>\r\n<div id=\"fbuilder\">\r\n    <div id=\"fbuilder_1\">\r\n        <div id=\"formheader_1\"><\/div>\r\n        <div id=\"fieldlist_1\"><\/div>\r\n    <\/div>\r\n<\/div>\r\n<div style=\"display:none\">\r\n<div id=\"cpcaptchalayer_1\" class=\"cpcaptchalayer\">\r\n <div class=\"fields\" id=\"field-c0\" style=\"display:none\">\r\n    <label><\/label>\r\n    <div class=\"dfield\"><!--addons-payment-options--><\/div>\r\n    <div class=\"clearer\"><\/div>\r\n <\/div>\r\n<!-- rcadon -->\r\n<\/div>\r\n<\/div>\r\n<div id=\"cp_subbtn_1\" class=\"cp_subbtn\">Anfrage abschicken<\/div>\r\n<div style=\"clear:both;\"><\/div>\r\n<\/form>\r\n<\/span><\/em><\/p>\t\t\t\t\t\t\t\t<\/div>\n\t\t\t\t<\/div>\n\t\t\t\t<div class=\"elementor-element elementor-element-cc8da1e elementor-widget elementor-widget-text-editor\" data-id=\"cc8da1e\" data-element_type=\"widget\" data-e-type=\"widget\" data-widget_type=\"text-editor.default\">\n\t\t\t\t<div class=\"elementor-widget-container\">\n\t\t\t\t\t\t\t\t\t<h4>Wer ist wann im Kegelcenter?<\/h4><ul><li><span style=\"text-decoration: underline; color: #3366ff;\"><a style=\"color: #3366ff; text-decoration: underline;\" href=\"https:\/\/www.sems2020.ch\/wp-content\/extraFileUploads\/Belegung_Startzeiten_SEMS2026_Mannschaften.pdf\" target=\"_blank\" rel=\"noopener\">Welche Mannschaften sind wann anwesend?<\/a><\/span><\/li><li><span style=\"text-decoration: underline; color: #3366ff;\"><a style=\"color: #3366ff; text-decoration: underline;\" href=\"https:\/\/www.sems2026.ch\/wp-content\/extraFileUploads\/Belegung_Startzeiten_SEMS2026_Regionen.pdf\" target=\"_blank\" rel=\"noopener\">Welche Regionen sind wann anwesend?<\/a><\/span><\/li><\/ul>\t\t\t\t\t\t\t\t<\/div>\n\t\t\t\t<\/div>\n\t\t\t\t\t<\/div>\n\t\t<\/div>\n\t\t\t\t<div class=\"elementor-column elementor-col-50 elementor-inner-column elementor-element elementor-element-a90daf7\" data-id=\"a90daf7\" data-element_type=\"column\" data-e-type=\"column\">\n\t\t\t<div class=\"elementor-widget-wrap elementor-element-populated\">\n\t\t\t\t\t\t<div class=\"elementor-element elementor-element-4f214a8 elementor-widget elementor-widget-text-editor\" data-id=\"4f214a8\" data-element_type=\"widget\" data-e-type=\"widget\" data-widget_type=\"text-editor.default\">\n\t\t\t\t<div class=\"elementor-widget-container\">\n\t\t\t\t\t\t\t\t\t<h3>\u00a0<\/h3><h3><span style=\"color: #ff00ff;\">ONLINE Reservieren?<\/span><\/h3><h6><span style=\"color: #ff00ff;\">einfacher geht es nicht!<\/span><\/h6><ul style=\"font-family: Roboto, sans-serif; font-size: 14px; font-style: normal; font-weight: 600; list-style-image: url('images\/ul-bg.png');\"><li style=\"font-size: 14px;\"><span style=\"font-size: 14px;\">im Kalender Monat w\u00e4hlen<\/span><\/li><li style=\"font-size: 14px;\"><span style=\"font-size: 14px; color: var( --e-global-color-text );\">gew\u00fcnschten Tag anklicken!<\/span><\/li><li style=\"font-size: 14px;\">Startzeiten ausw\u00e4hlen<\/li><li style=\"font-size: 14px;\">Personalien etc. eingeben,<\/li><li style=\"font-size: 14px;\">abschicken,\u00a0fertig<\/li><\/ul><div style=\"font-family: Roboto, sans-serif; font-size: 14px; font-style: normal; font-weight: 600;\"><p style=\"font-style: normal;\"><span style=\"font-size: 14px; color: #0000ff;\">Ihr erhaltet sofort eine Kopie eurer Reservations-Anfrage.<\/span><\/p><p><span style=\"color: #0000ff;\"><i>Keine Eile, aber bitte die <span style=\"text-decoration: underline;\"><span style=\"color: #ff0000; text-decoration: underline;\"><em><a style=\"color: #ff0000; text-decoration: underline;\" href=\"https:\/\/www.sems2020.ch\/index.php\/formulare-links\/\">Mannschaftsanmeldung<\/a><\/em> \u00a0<\/span><\/span>schon VOR der SEMS <\/i><\/span><span style=\"color: #0000ff;\">ausf\u00fcllen, <\/span><span style=\"color: #0000ff;\">und <\/span><span style=\"color: #0000ff;\">an das OK verschicken&#8230;<\/span><\/p><\/div><ul style=\"font-family: Roboto, sans-serif; font-size: 14px; font-style: normal; font-weight: 600; list-style-image: url('images\/ul-bg.png');\"><li style=\"font-size: 14px;\"><span style=\"font-size: 14px; color: #0000ff;\">per Kontaktformular <a href=\"https:\/\/www.sems2020.ch\/index.php\/mitteilung-bezueglich-reservationen-anmeldungen\/\">Reservation\/Anmeldung<\/a>,<\/span><\/li><li style=\"font-size: 14px;\"><span style=\"font-size: 14px; color: #0000ff;\">oder E-<span style=\"font-family: Roboto, sans-serif; font-size: 14px; font-style: normal;\">Mail (<a href=\"mailto:anmeldung@sems2026.ch\">anmeldung@sems2026.ch<\/a>),<\/span><\/span><\/li><li style=\"font-size: 14px;\"><span style=\"font-size: 14px; color: #0000ff;\"><span style=\"font-family: Roboto, sans-serif; font-size: 14px; font-style: normal;\">oder Briefpost <\/span><span style=\"font-size: 14px;\">(Niels Kessler, im Feld 30, 8926 Kappel a.A.)<\/span><\/span><\/li><\/ul>\t\t\t\t\t\t\t\t<\/div>\n\t\t\t\t<\/div>\n\t\t\t\t<div class=\"elementor-element elementor-element-5bcbf44 elementor-widget elementor-widget-text-editor\" data-id=\"5bcbf44\" data-element_type=\"widget\" data-e-type=\"widget\" data-widget_type=\"text-editor.default\">\n\t\t\t\t<div class=\"elementor-widget-container\">\n\t\t\t\t\t\t\t\t\t<h4><span style=\"color: #ff00ff;\">Videoanleitung:<\/span><\/h4><p><span style=\"color: #ff00ff;\">zum Starten ins Bild klicken<br \/><\/span><\/p>\t\t\t\t\t\t\t\t<\/div>\n\t\t\t\t<\/div>\n\t\t\t\t<div class=\"elementor-element elementor-element-4ad9794 elementor-invisible elementor-widget elementor-widget-video\" data-id=\"4ad9794\" data-element_type=\"widget\" data-e-type=\"widget\" data-settings=\"{&quot;video_type&quot;:&quot;hosted&quot;,&quot;show_image_overlay&quot;:&quot;yes&quot;,&quot;image_overlay&quot;:{&quot;url&quot;:&quot;https:\\\/\\\/www.sems2020.ch\\\/wp-content\\\/uploads\\\/2020\\\/02\\\/PictogrammPraesentation.jpg&quot;,&quot;id&quot;:101,&quot;size&quot;:&quot;&quot;},&quot;lightbox&quot;:&quot;yes&quot;,&quot;_animation&quot;:&quot;wobble&quot;,&quot;lightbox_content_animation&quot;:&quot;fadeIn&quot;,&quot;controls&quot;:&quot;yes&quot;}\" data-widget_type=\"video.default\">\n\t\t\t\t<div class=\"elementor-widget-container\">\n\t\t\t\t\t\t\t<div class=\"e-hosted-video elementor-wrapper elementor-open-lightbox\">\n\t\t\t\t\t\t\t<div class=\"elementor-custom-embed-image-overlay\" data-elementor-open-lightbox=\"yes\" data-elementor-lightbox=\"{&quot;type&quot;:&quot;video&quot;,&quot;videoType&quot;:&quot;hosted&quot;,&quot;url&quot;:&quot;https:\\\/\\\/www.sems2020.ch\\\/wp-content\\\/uploads\\\/2021\\\/01\\\/wie_reservieren2021_AHB.mp4&quot;,&quot;autoplay&quot;:&quot;&quot;,&quot;modalOptions&quot;:{&quot;id&quot;:&quot;elementor-lightbox-4ad9794&quot;,&quot;entranceAnimation&quot;:&quot;fadeIn&quot;,&quot;entranceAnimation_tablet&quot;:&quot;&quot;,&quot;entranceAnimation_mobile&quot;:&quot;&quot;,&quot;videoAspectRatio&quot;:&quot;32&quot;},&quot;videoParams&quot;:{&quot;controls&quot;:&quot;&quot;,&quot;preload&quot;:&quot;metadata&quot;}}\" data-e-action-hash=\"#elementor-action%3Aaction%3Dlightbox%26settings%3DeyJ0eXBlIjoidmlkZW8iLCJ2aWRlb1R5cGUiOiJob3N0ZWQiLCJ1cmwiOiJodHRwczpcL1wvd3d3LnNlbXMyMDIwLmNoXC93cC1jb250ZW50XC91cGxvYWRzXC8yMDIxXC8wMVwvd2llX3Jlc2VydmllcmVuMjAyMV9BSEIubXA0IiwiYXV0b3BsYXkiOiIiLCJtb2RhbE9wdGlvbnMiOnsiaWQiOiJlbGVtZW50b3ItbGlnaHRib3gtNGFkOTc5NCIsImVudHJhbmNlQW5pbWF0aW9uIjoiZmFkZUluIiwiZW50cmFuY2VBbmltYXRpb25fdGFibGV0IjoiIiwiZW50cmFuY2VBbmltYXRpb25fbW9iaWxlIjoiIiwidmlkZW9Bc3BlY3RSYXRpbyI6IjMyIn0sInZpZGVvUGFyYW1zIjp7ImNvbnRyb2xzIjoiIiwicHJlbG9hZCI6Im1ldGFkYXRhIn19\">\n\t\t\t\t\t\t\t\t\t\t\t<img fetchpriority=\"high\" decoding=\"async\" width=\"300\" height=\"207\" src=\"https:\/\/www.sems2020.ch\/wp-content\/uploads\/2020\/02\/PictogrammPraesentation-300x207.jpg\" class=\"attachment-medium size-medium wp-image-101\" alt=\"\" srcset=\"https:\/\/www.sems2020.ch\/wp-content\/uploads\/2020\/02\/PictogrammPraesentation-300x207.jpg 300w, https:\/\/www.sems2020.ch\/wp-content\/uploads\/2020\/02\/PictogrammPraesentation-210x145.jpg 210w, https:\/\/www.sems2020.ch\/wp-content\/uploads\/2020\/02\/PictogrammPraesentation.jpg 342w\" sizes=\"(max-width: 300px) 100vw, 300px\" \/>\t\t\t\t\t\t\t\t\t\t\t\t\t\t\t\t<div class=\"elementor-custom-embed-play\" role=\"button\" aria-label=\"Video abspielen\" tabindex=\"0\">\n\t\t\t\t\t\t\t<i aria-hidden=\"true\" class=\"eicon-play\"><\/i>\t\t\t\t\t\t<\/div>\n\t\t\t\t\t\t\t\t\t<\/div>\n\t\t\t\t\t<\/div>\n\t\t\t\t\t\t<\/div>\n\t\t\t\t<\/div>\n\t\t\t\t<div class=\"elementor-element elementor-element-fbc1c80 elementor-widget elementor-widget-text-editor\" data-id=\"fbc1c80\" data-element_type=\"widget\" data-e-type=\"widget\" data-widget_type=\"text-editor.default\">\n\t\t\t\t<div class=\"elementor-widget-container\">\n\t\t\t\t\t\t\t\t\t<h3 style=\"font-family: Roboto, sans-serif; font-style: normal; text-align: center;\"><span style=\"color: #ff00ff;\">telefonisch reservieren?<\/span><\/h3><p><span style=\"font-size: 14px; color: #ff0000;\">Tel. 079 382 12 61 <\/span><span style=\"color: #808080;\"><span style=\"font-size: 14px;\">&#8211; m\u00f6glich, aber..<\/span><\/span><\/p><ul><li><span style=\"color: #808080;\"><span style=\"font-size: 14px;\">bitte nur jeweils Montag Nachmittags<\/span><\/span><\/li><li><span style=\"color: #808080;\"><span style=\"font-size: 14px;\">vorher im Online-Reservationssystem pr\u00fcfen was verf\u00fcgbar ist&#8230;<\/span><\/span><\/li><li><span style=\"color: #808080;\"><span style=\"font-size: 14px;\">nicht erreicht? Bitte Whatsapp \/ SMS benutzen, ich rufe zur\u00fcck.<\/span><\/span><\/li><\/ul>\t\t\t\t\t\t\t\t<\/div>\n\t\t\t\t<\/div>\n\t\t\t\t\t<\/div>\n\t\t<\/div>\n\t\t\t\t\t<\/div>\n\t\t<\/section>\n\t\t\t\t\t<\/div>\n\t\t<\/div>\n\t\t\t\t\t<\/div>\n\t\t<\/section>\n\t\t\t\t<\/div>\n\t\t","protected":false},"excerpt":{"rendered":"<p>\u00a0 Reservieren = hier selbstst\u00e4ndig und verbindlich ausw\u00e4hlen WANN genau Ihr kegeltAnmelden = mittels Formular mitteilen WER f\u00fcr Mannschaft und\/oder Einzel kegelt. Wer ist wann im Kegelcenter? Welche Mannschaften sind &hellip; <a class=\"readmore\" href=\"https:\/\/www.sems2020.ch\/index.php\/reservieren-anmelden\/\">Weiterlesen &rarr;<\/a><\/p>\n","protected":false},"author":1,"featured_media":0,"parent":0,"menu_order":0,"comment_status":"closed","ping_status":"closed","template":"","meta":{"footnotes":""},"class_list":["post-17","page","type-page","status-publish","hentry"],"_links":{"self":[{"href":"https:\/\/www.sems2020.ch\/index.php\/wp-json\/wp\/v2\/pages\/17","targetHints":{"allow":["GET"]}}],"collection":[{"href":"https:\/\/www.sems2020.ch\/index.php\/wp-json\/wp\/v2\/pages"}],"about":[{"href":"https:\/\/www.sems2020.ch\/index.php\/wp-json\/wp\/v2\/types\/page"}],"author":[{"embeddable":true,"href":"https:\/\/www.sems2020.ch\/index.php\/wp-json\/wp\/v2\/users\/1"}],"replies":[{"embeddable":true,"href":"https:\/\/www.sems2020.ch\/index.php\/wp-json\/wp\/v2\/comments?post=17"}],"version-history":[{"count":303,"href":"https:\/\/www.sems2020.ch\/index.php\/wp-json\/wp\/v2\/pages\/17\/revisions"}],"predecessor-version":[{"id":945,"href":"https:\/\/www.sems2020.ch\/index.php\/wp-json\/wp\/v2\/pages\/17\/revisions\/945"}],"wp:attachment":[{"href":"https:\/\/www.sems2020.ch\/index.php\/wp-json\/wp\/v2\/media?parent=17"}],"curies":[{"name":"wp","href":"https:\/\/api.w.org\/{rel}","templated":true}]}}